{"id":1813,"date":"2020-02-07T10:40:58","date_gmt":"2020-02-07T15:40:58","guid":{"rendered":"https:\/\/vignoblelavalleedesnuages.com\/wedding\/"},"modified":"2024-01-11T15:04:40","modified_gmt":"2024-01-11T20:04:40","slug":"wedding","status":"publish","type":"page","link":"https:\/\/vignoblelavalleedesnuages.com\/en\/wedding\/","title":{"rendered":"Wedding"},"content":{"rendered":"<div class=\"wpb-content-wrapper\"><p>[vc_row][vc_column][vc_column_text css_animation=&#8221;fadeIn&#8221;]<\/p>\n<h3><strong>La vall\u00e9e des nuages vineyard, <\/strong><\/h3>\n<h3><strong>the perfect place <\/strong><\/h3>\n<h3><strong>to celebrate your wedding!<\/strong><\/h3>\n<p>&nbsp;<\/p>\n<h3><strong>The most beautiful day of your life&#8230;<\/strong><\/h3>\n<p>[\/vc_column_text][\/vc_column][\/vc_row][vc_row][vc_column][vc_empty_space][vc_column_text]The day you celebrate your love, your wedding day will be the most important and beautiful day of your life. This memorable day deserves to be <strong>prepared with care<\/strong> and the reception <strong>venue<\/strong> <strong>chosen with meticulous attention to detail<\/strong>.<\/p>\n<p>At la vall\u00e9e des nuages vineyard, located in a <strong>rural setting in the heart of Quebec<\/strong>, our <strong>site<\/strong> is <strong>enchanting<\/strong>, our <strong>location bucolic<\/strong>, our <strong>food delicious<\/strong> and our <strong>welcome<\/strong> most <strong>warm<\/strong>!<\/p>\n<p>At la vall\u00e9e des nuages vineyard, we offer a <strong>country setting, summer and winter alike<\/strong> : a <strong>large summer tent<\/strong> for 200 people or more, a <strong>large heated winter hall<\/strong> for 100 people with checkroom and toilet facilities, a fully-equipped eco-friendly kitchen, ample on-site parking and a rustic, welcoming environment.[\/vc_column_text][\/vc_column][\/vc_row][vc_row][vc_column][vc_empty_space][\/vc_column][\/vc_row][vc_row][vc_column][vc_column_text]<\/p>\n<h3>At la vall\u00e9e des nuages vineyard,<\/h3>\n<h3>we make <strong>all<\/strong> <strong>your wishes come true<\/strong>!<\/h3>\n<p>[\/vc_column_text][\/vc_column][\/vc_row][vc_row][vc_column][vc_empty_space][\/vc_column][\/vc_row][vc_row][vc_column][vc_column_text]<strong>There&#8217;s nothing conventional<\/strong> about us, with the sole exception of our traditional warm welcome.[\/vc_column_text][\/vc_column][\/vc_row][vc_row][vc_column][vc_empty_space][\/vc_column][\/vc_row][vc_row][vc_column][vc_column_text]<\/p>\n<h3>We <strong>work with you<\/strong> to create every moment of your <strong>memorable day<\/strong>&#8230;<\/h3>\n<p>[\/vc_column_text][\/vc_column][\/vc_row][vc_row][vc_column][vc_empty_space][\/vc_column][\/vc_row][vc_row][vc_column][vc_tta_accordion style=&#8221;modern&#8221; color=&#8221;vista-blue&#8221; autoplay=&#8221;5&#8243; c_icon=&#8221;triangle&#8221; active_section=&#8221;\u00c0 cheval, \u00e0 pied, en auto, en h\u00e9licopt\u00e8re, en moto, en v\u00e9lo, au Vignoble la vall\u00e9e des nuages, c\u2019est possible!&#8221; no_fill=&#8221;true&#8221; collapsible_all=&#8221;true&#8221; css=&#8221;.vc_custom_1581434659479{border-radius: 2px !important;}&#8221;][vc_tta_section title=&#8221;You want a spectacular arrival&#8221; tab_id=&#8221;1581093243945-f4d2e5e0-9f2a&#8221;][vc_column_text]On horseback, on foot, by car, by helicopter, by motorcycle, by bike, <em>at la vall\u00e9e des nuages vineyard, it&#8217;s possible<\/em>![\/vc_column_text][\/vc_tta_section][vc_tta_section title=&#8221;You want an original menu&#8221; tab_id=&#8221;1581093243959-cdfe06a0-d9be&#8221;][vc_column_text]Out-of-the-ordinary dishes, spicy flavours, personal presentation, that little something extra <em>at la vall\u00e9e des nuages vineyard, it&#8217;s possible<\/em>![\/vc_column_text][\/vc_tta_section][vc_tta_section title=&#8221;You want a well-kept decor&#8221; tab_id=&#8221;1581093991957-6149ff30-545d&#8221;][vc_column_text]Country, fairytale, symbolic, sober, thematic, at la vall\u00e9e des nuages vineyard, it&#8217;s possible![\/vc_column_text][\/vc_tta_section][vc_tta_section title=&#8221;You want a unique ambience&#8221; tab_id=&#8221;1581094054218-bea364dd-7c46&#8243;][vc_column_text]Refined, magical, euphoric, hectic, electric, at la vall\u00e9e des nuages vineyard, it&#8217;s possible![\/vc_column_text][\/vc_tta_section][vc_tta_section title=&#8221;You want vivid emotions&#8221; tab_id=&#8221;1581094096521-07028be5-5b8b&#8221;][vc_column_text]At la vall\u00e9e des nuages vineyard, you&#8217;ll find a bucolic setting for effusion, joy, intimate and group sharing, meditation and laughter![\/vc_column_text][\/vc_tta_section][vc_tta_section title=&#8221;You want a bar (or a bill) that&#8217;s out of the ordinary&#8221; tab_id=&#8221;1581094557065-a31de139-b263&#8243;][vc_column_text]On-site, you can offer your guests white, red or ros\u00e9 wine from our vineyard. If you&#8217;d like to offer your guests beer, champagne or spirits, just bring your own and we&#8217;ll be happy to serve it. This option allows you to reduce reception costs.[\/vc_column_text][\/vc_tta_section][vc_tta_section title=&#8221;You wish to extend the event over two days&#8221; tab_id=&#8221;1581094613582-aaf8edd9-8722&#8243;][vc_column_text]Arrival of your guests the day before, accommodation on site and in the surrounding area, bridal brunch on Sunday, at la vall\u00e9e des nuages vineyard, it&#8217;s possible![\/vc_column_text][\/vc_tta_section][\/vc_tta_accordion][vc_empty_space][\/vc_column][\/vc_row][vc_row][vc_column][vc_column_text]<\/p>\n<h3>You want a <strong>turnkey proposal<\/strong><\/h3>\n<p>[\/vc_column_text][\/vc_column][\/vc_row][vc_row][vc_column][vc_empty_space][\/vc_column][\/vc_row][vc_row][vc_column][vc_column_text]Our basic package includes a reference guide to the services of entertainer and DJ, celebrant, hairdresser, florist, make-up artist, photographer, clothing sites; post-party pick-up at la vall\u00e9e des nuages vineyard, we realize your reception![\/vc_column_text][\/vc_column][\/vc_row][vc_row][vc_column][vc_empty_space][\/vc_column][\/vc_row][vc_row][vc_column][vc_column_text]<\/p>\n<h4>At la vall\u00e9e des nuages vineyard, our site is <strong>well laid out<\/strong>, <strong>safe<\/strong> and our friendly <strong>neighbors<\/strong> are a <strong>long way away<\/strong>.<\/h4>\n<p>&nbsp;<\/p>\n<h4><strong>Your wedding party<\/strong> will occupy our entire space in sound, light and intimacy, <strong>exclusively<\/strong> at la vall\u00e9e des nuages vineyard.<\/h4>\n<p>&nbsp;<\/p>\n<h4>At la vall\u00e9e des nuages vineyard, the party <strong>begins in the radiant sunshine<\/strong> and <strong>ends under the moonlight.<\/strong><\/h4>\n<p>&nbsp;<\/p>\n<h4><strong>Entrust us with the realization<\/strong> <strong>of your reception<\/strong>, and you&#8217;ll be left with a lasting impression well <strong>beyond this unforgettable moment<\/strong>. Your guests will talk about it for a long time to come.<\/h4>\n<p>[\/vc_column_text][\/vc_column][\/vc_row][vc_row][vc_column][vc_empty_space][\/vc_column][\/vc_row][vc_row][vc_column][vc_column_text]<\/p>\n<h4><a href=\"https:\/\/vignoblelavalleedesnuages.com\/en\/contact-us\/\" target=\"_blank\" rel=\"noopener noreferrer\"><strong>Give us a call<\/strong><\/a> and tell us what you want, and we&#8217;ll come up with a <strong>tempting proposal<\/strong>.<\/h4>\n<p>[\/vc_column_text][vc_empty_space][\/vc_column][\/vc_row][vc_row][vc_column][vc_column_text]<\/p>\n<h3>For your wedding reception,<\/h3>\n<h3><strong>at la vall\u00e9e des nuages vineyard, <\/strong><\/h3>\n<h3><strong>anything is possible, <\/strong><\/h3>\n<h3><strong>in all beauty<\/strong>, <strong>at a fair price!<\/strong><\/h3>\n<p>[\/vc_column_text][\/vc_column][\/vc_row]<\/p>\n<\/div>","protected":false},"excerpt":{"rendered":"<p>[vc_row][vc_column][vc_column_text css_animation=&#8221;fadeIn&#8221;] La vall\u00e9e des nuages vineyard, the perfect place to celebrate your wedding! &nbsp; The most beautiful day of your life&#8230; [\/vc_column_text][\/vc_column][\/vc_row][vc_row][vc_column][vc_empty_space][vc_column_text]The day you celebrate your love, your wedding day will be the most important and beautiful day of your life. This memorable day deserves to be prepared with care and the reception venue&#8230;<\/p>\n","protected":false},"author":2,"featured_media":1695,"parent":0,"menu_order":0,"comment_status":"closed","ping_status":"closed","template":"","meta":{"footnotes":""},"yoast_head":"<!-- This site is optimized with the Yoast SEO plugin v21.7 - https:\/\/yoast.com\/wordpress\/plugins\/seo\/ -->\n<title>Wedding - Vignoble La vall\u00e9e des nuages<\/title>\n<meta name=\"description\" content=\"La vall\u00e9e des nuages vineyard is the perfect place to celebrate your wedding with our enchanting site and delicious cuisine.\" \/>\n<meta name=\"robots\" content=\"index, follow, max-snippet:-1, max-image-preview:large, max-video-preview:-1\" \/>\n<link rel=\"canonical\" href=\"https:\/\/vignoblelavalleedesnuages.com\/en\/wedding\/\" \/>\n<meta property=\"og:locale\" content=\"en_US\" \/>\n<meta property=\"og:type\" content=\"article\" \/>\n<meta property=\"og:title\" content=\"Wedding - Vignoble La vall\u00e9e des nuages\" \/>\n<meta property=\"og:description\" content=\"La vall\u00e9e des nuages vineyard is the perfect place to celebrate your wedding with our enchanting site and delicious cuisine.\" \/>\n<meta property=\"og:url\" content=\"https:\/\/vignoblelavalleedesnuages.com\/en\/wedding\/\" \/>\n<meta property=\"og:site_name\" content=\"Vignoble La vall\u00e9e des nuages\" \/>\n<meta property=\"article:modified_time\" content=\"2024-01-11T20:04:40+00:00\" \/>\n<meta property=\"og:image\" content=\"https:\/\/vignoblelavalleedesnuages.com\/vignoblelavalleedesnuages\/wp-content\/uploads\/2020\/03\/131-e1584888409364.jpg\" \/>\n\t<meta property=\"og:image:width\" content=\"1152\" \/>\n\t<meta property=\"og:image:height\" content=\"874\" \/>\n\t<meta property=\"og:image:type\" content=\"image\/jpeg\" \/>\n<meta name=\"twitter:card\" content=\"summary_large_image\" \/>\n<meta name=\"twitter:label1\" content=\"Est. reading time\" \/>\n\t<meta name=\"twitter:data1\" content=\"4 minutes\" \/>\n<script type=\"application\/ld+json\" class=\"yoast-schema-graph\">{\"@context\":\"https:\/\/schema.org\",\"@graph\":[{\"@type\":\"WebPage\",\"@id\":\"https:\/\/vignoblelavalleedesnuages.com\/en\/wedding\/\",\"url\":\"https:\/\/vignoblelavalleedesnuages.com\/en\/wedding\/\",\"name\":\"Wedding - Vignoble La vall\u00e9e des nuages\",\"isPartOf\":{\"@id\":\"https:\/\/vignoblelavalleedesnuages.com\/en\/#website\"},\"datePublished\":\"2020-02-07T15:40:58+00:00\",\"dateModified\":\"2024-01-11T20:04:40+00:00\",\"description\":\"La vall\u00e9e des nuages vineyard is the perfect place to celebrate your wedding with our enchanting site and delicious cuisine.\",\"breadcrumb\":{\"@id\":\"https:\/\/vignoblelavalleedesnuages.com\/en\/wedding\/#breadcrumb\"},\"inLanguage\":\"en-US\",\"potentialAction\":[{\"@type\":\"ReadAction\",\"target\":[\"https:\/\/vignoblelavalleedesnuages.com\/en\/wedding\/\"]}]},{\"@type\":\"BreadcrumbList\",\"@id\":\"https:\/\/vignoblelavalleedesnuages.com\/en\/wedding\/#breadcrumb\",\"itemListElement\":[{\"@type\":\"ListItem\",\"position\":1,\"name\":\"Accueil\",\"item\":\"https:\/\/vignoblelavalleedesnuages.com\/en\/\"},{\"@type\":\"ListItem\",\"position\":2,\"name\":\"Wedding\"}]},{\"@type\":\"WebSite\",\"@id\":\"https:\/\/vignoblelavalleedesnuages.com\/en\/#website\",\"url\":\"https:\/\/vignoblelavalleedesnuages.com\/en\/\",\"name\":\"Vignoble La vall\u00e9e des nuages\",\"description\":\"Site enchanteur champ\u00eatre et unique\",\"potentialAction\":[{\"@type\":\"SearchAction\",\"target\":{\"@type\":\"EntryPoint\",\"urlTemplate\":\"https:\/\/vignoblelavalleedesnuages.com\/en\/?s={search_term_string}\"},\"query-input\":\"required name=search_term_string\"}],\"inLanguage\":\"en-US\"}]}<\/script>\n<!-- \/ Yoast SEO plugin. -->","yoast_head_json":{"title":"Wedding - Vignoble La vall\u00e9e des nuages","description":"La vall\u00e9e des nuages vineyard is the perfect place to celebrate your wedding with our enchanting site and delicious cuisine.","robots":{"index":"index","follow":"follow","max-snippet":"max-snippet:-1","max-image-preview":"max-image-preview:large","max-video-preview":"max-video-preview:-1"},"canonical":"https:\/\/vignoblelavalleedesnuages.com\/en\/wedding\/","og_locale":"en_US","og_type":"article","og_title":"Wedding - Vignoble La vall\u00e9e des nuages","og_description":"La vall\u00e9e des nuages vineyard is the perfect place to celebrate your wedding with our enchanting site and delicious cuisine.","og_url":"https:\/\/vignoblelavalleedesnuages.com\/en\/wedding\/","og_site_name":"Vignoble La vall\u00e9e des nuages","article_modified_time":"2024-01-11T20:04:40+00:00","og_image":[{"width":1152,"height":874,"url":"https:\/\/vignoblelavalleedesnuages.com\/vignoblelavalleedesnuages\/wp-content\/uploads\/2020\/03\/131-e1584888409364.jpg","type":"image\/jpeg"}],"twitter_card":"summary_large_image","twitter_misc":{"Est. reading time":"4 minutes"},"schema":{"@context":"https:\/\/schema.org","@graph":[{"@type":"WebPage","@id":"https:\/\/vignoblelavalleedesnuages.com\/en\/wedding\/","url":"https:\/\/vignoblelavalleedesnuages.com\/en\/wedding\/","name":"Wedding - Vignoble La vall\u00e9e des nuages","isPartOf":{"@id":"https:\/\/vignoblelavalleedesnuages.com\/en\/#website"},"datePublished":"2020-02-07T15:40:58+00:00","dateModified":"2024-01-11T20:04:40+00:00","description":"La vall\u00e9e des nuages vineyard is the perfect place to celebrate your wedding with our enchanting site and delicious cuisine.","breadcrumb":{"@id":"https:\/\/vignoblelavalleedesnuages.com\/en\/wedding\/#breadcrumb"},"inLanguage":"en-US","potentialAction":[{"@type":"ReadAction","target":["https:\/\/vignoblelavalleedesnuages.com\/en\/wedding\/"]}]},{"@type":"BreadcrumbList","@id":"https:\/\/vignoblelavalleedesnuages.com\/en\/wedding\/#breadcrumb","itemListElement":[{"@type":"ListItem","position":1,"name":"Accueil","item":"https:\/\/vignoblelavalleedesnuages.com\/en\/"},{"@type":"ListItem","position":2,"name":"Wedding"}]},{"@type":"WebSite","@id":"https:\/\/vignoblelavalleedesnuages.com\/en\/#website","url":"https:\/\/vignoblelavalleedesnuages.com\/en\/","name":"Vignoble La vall\u00e9e des nuages","description":"Site enchanteur champ\u00eatre et unique","potentialAction":[{"@type":"SearchAction","target":{"@type":"EntryPoint","urlTemplate":"https:\/\/vignoblelavalleedesnuages.com\/en\/?s={search_term_string}"},"query-input":"required name=search_term_string"}],"inLanguage":"en-US"}]}},"_links":{"self":[{"href":"https:\/\/vignoblelavalleedesnuages.com\/en\/wp-json\/wp\/v2\/pages\/1813"}],"collection":[{"href":"https:\/\/vignoblelavalleedesnuages.com\/en\/wp-json\/wp\/v2\/pages"}],"about":[{"href":"https:\/\/vignoblelavalleedesnuages.com\/en\/wp-json\/wp\/v2\/types\/page"}],"author":[{"embeddable":true,"href":"https:\/\/vignoblelavalleedesnuages.com\/en\/wp-json\/wp\/v2\/users\/2"}],"replies":[{"embeddable":true,"href":"https:\/\/vignoblelavalleedesnuages.com\/en\/wp-json\/wp\/v2\/comments?post=1813"}],"version-history":[{"count":3,"href":"https:\/\/vignoblelavalleedesnuages.com\/en\/wp-json\/wp\/v2\/pages\/1813\/revisions"}],"predecessor-version":[{"id":1873,"href":"https:\/\/vignoblelavalleedesnuages.com\/en\/wp-json\/wp\/v2\/pages\/1813\/revisions\/1873"}],"wp:featuredmedia":[{"embeddable":true,"href":"https:\/\/vignoblelavalleedesnuages.com\/en\/wp-json\/wp\/v2\/media\/1695"}],"wp:attachment":[{"href":"https:\/\/vignoblelavalleedesnuages.com\/en\/wp-json\/wp\/v2\/media?parent=1813"}],"curies":[{"name":"wp","href":"https:\/\/api.w.org\/{rel}","templated":true}]}}